{"id":849,"date":"2015-03-20T18:25:23","date_gmt":"2015-03-21T00:25:23","guid":{"rendered":"https:\/\/universus.mx\/Nwp\/?page_id=849"},"modified":"2025-01-01T19:24:40","modified_gmt":"2025-01-02T01:24:40","slug":"la-causa-primaria-del-cancer","status":"publish","type":"page","link":"https:\/\/universus.com.mx\/Nwp\/salud\/la-causa-primaria-del-cancer\/","title":{"rendered":"La causa primaria del c\u00e1ncer."},"content":{"rendered":"<p>Contenido tomado de: http<a href=\"http:\/\/www.bibliotecapleyades.net\/salud\/salud_defeatcancer67.htm\">:\/\/www.bibliotecapleyades.net\/salud\/salud_defeatcancer67.htm<\/a><br \/>\nOtto Heinrich Warburg (1883-1970) gan\u00f3 el Premio Nobel 1931 por su tesis \u00abla causa primaria y la prevenci\u00f3n del c\u00e1ncer\u00bb<br \/>\nSeg\u00fan este cient\u00edfico, el c\u00e1ncer es la consecuencia de una alimentaci\u00f3n anti fisiol\u00f3gica y un estilo de vida anti fisiol\u00f3gico&#8230;<\/p>\n<p>\u00bfPorque? &#8230;porque una alimentaci\u00f3n anti fisiol\u00f3gica (dieta basada en alimentos acidificantes y sedentarismo), crea en nuestro organismo un entorno de ACIDEZ. La acidez, a su vez EXPULSA el OXIGENO de las c\u00e9lulas&#8230;<\/p>\n<p>\u00c9l afirm\u00f3:<br \/>\n\u00abLa falta de ox\u00edgeno y la acidosis son las dos caras de una misma moneda: cuando usted tiene uno, usted tiene el otro. Las substancias \u00e1cidas rechazan el ox\u00edgeno; en cambio, las substancias alcalinas atraen el ox\u00edgeno \u00bb<br \/>\n\u00d3sea que en un entorno acido, si o si es un entorno sin oxigeno&#8230; y el afirmaba que,<br \/>\n\u00abPrivar a una c\u00e9lula de 35% de su ox\u00edgeno durante 48 horas puede convertirlas en cancerosas.\u00bb<br \/>\nSeg\u00fan Warburg<br \/>\n\u00abTodas las c\u00e9lulas normales tienen un requisito absoluto para el ox\u00edgeno, pero las c\u00e9lulas cancerosas pueden vivir sin ox\u00edgeno &#8211; una regla sin excepci\u00f3n\u00bb,<br \/>\n&#8230;y tambi\u00e9n:<br \/>\n\u00abLos tejidos cancerosos son tejidos \u00e1cidos, mientras que los sanos son tejidos alcalinos.\u00bb<br \/>\nEn su obra \u00abEl metabolismo de los tumores\u00bb Warburg demostr\u00f3 que todas las formas de c\u00e1ncer se caracterizan por dos condiciones b\u00e1sicas:<br \/>\nla acidosis<br \/>\nla hipoxia (falta de ox\u00edgeno)<br \/>\nTambi\u00e9n descubri\u00f3 que las c\u00e9lulas cancerosas son anaerobias (no respiran ox\u00edgeno) y NO PUEDEN sobrevivir en presencia de altos niveles de ox\u00edgeno. En cambio, sobreviven gracias a la GLUCOSA siempre y cuando el entorno este libre de oxigeno&#8230;<\/p>\n<p>Por lo tanto, el c\u00e1ncer no seria nada mas que un mecanismo de defensa que tienen ciertas c\u00e9lulas de el organismo para continuar con vida en un entorno acido y carente de oxigeno&#8230;<\/p>\n<p>Resumiendo:<br \/>\nC\u00e9lulas sanas viven en un entorno alcalino, y oxigenado, lo cual permite su normal funcionamiento<br \/>\nC\u00e9lulas cancerosas viven en un ambiente extremadamente acido y carente de oxigeno<br \/>\nANTES DE SEGUIR:<\/p>\n<p>Una vez finalizado el proceso de la digesti\u00f3n, los alimentos de acuerdo a la calidad de prote\u00ednas, hidratos de carbono, grasas, minerales y vitaminas que otorgan, generaran una condici\u00f3n de acidez o alcalinidad al organismo.<\/p>\n<p>El resultado acidificante o alcalinizante se mide a trav\u00e9s de una escala llamada PH, cuyos valores se encuentran en un rango de 0 a 14, siendo el PH 7 un PH neutro.<\/p>\n<p>Es importante saber c\u00f3mo afectan la salud los alimentos \u00e1cidos y alcalinos, ya que para que las c\u00e9lulas funcionen en forma correcta y adecuada su PH debe ser ligeramente alcalino. En una persona sana el PH de la sangre se encuentra entre 7,40 y 7,45. Tener en cuenta que si el PH sangu\u00edneo, cayera por debajo de 7, entrar\u00edamos en un estado de coma pr\u00f3ximo a la muerte.<\/p>\n<p>Entonces, que tenemos que ver nosotros con todo esto?<\/p>\n<p>Analizando la alimentaci\u00f3n promedio<\/p>\n<p>Alimentos que acidifican el organismo: (es decir los alimentos peores)<br \/>\nAz\u00facar refinada y todos sus productos (el peor de todos: no tiene ni prote\u00ednas ni grasas ni minerales ni vitaminas, solo hidratos de carbono refinados que estresan al p\u00e1ncreas. Su PH es de 2,1, o sea altamente acidificante)<br \/>\nCarnes (todas)<br \/>\nLeche de vaca y todos sus derivados<br \/>\nSal refinada<br \/>\nHarina refinada y todos sus derivados (pastas, galletitas, etc.)<br \/>\nProductos de panader\u00eda (la mayor\u00eda contienen grasas saturadas, margarina, sal, az\u00facar y conservantes)<br \/>\nMargarinas<br \/>\nGaseosas<br \/>\nCafe\u00edna<br \/>\nAlcohol<br \/>\nTabaco<br \/>\nMedicinas<br \/>\nCualquier alimento cocinado (la cocci\u00f3n elimina el oxigeno y lo trasforma en acido) inclusive las verduras cocinadas.<br \/>\nTodo lo que contenga conservantes, colorantes, aromatizantes, estabilizantes, etc.<br \/>\nEn fin: todos los alimentos envasados.<\/p>\n<p>Constantemente la sangre se encuentra autorregul\u00e1ndose para no caer en acidez metab\u00f3lica, de esta forma garantiza el buen funcionamiento celular, optimizando el metabolismo. El organismo Deber\u00eda obtener de los alimentos las bases (Minerales) para neutralizar la acidez de la sangre de la metabolizaci\u00f3n, pero todos los alimentos ya citados, aportan muy poco, y en contrapartida Desmineralizan el organismo (sobre todo los refinados)<\/p>\n<p>Hay que tener en cuenta que en el estilo de vida moderno, estos alimentos se consumen 5 veces por d\u00eda los 365 d\u00edas del a\u00f1o!!!<\/p>\n<p>Curiosamente todos estos alimentos nombrados, son ANTIFISIOLOGICOS!!&#8230; Nuestro organismo no esta dise\u00f1ado para digerir toda esa porquer\u00eda!!!<\/p>\n<p>Alimentos Alcalinizantes<br \/>\n&#8230;es decir, los que nos hacen bien<br \/>\nTodas las verduras crudas (algunas son acidas pero dentro del organismo tienen reacci\u00f3n alcalinizante, otras son levemente acidificantes pero consigo traen las bases necesarias para su correcto equilibrio) y crudas aportan oxigeno, cocidas no.<\/p>\n<p>Frutas, igual que las verduras, pero por ejemplo el lim\u00f3n tiene un PH aproximado de 2.2, pero dentro del organismo tiene un efecto altamente alcalinizante (quiz\u00e1s el mas poderoso de todos). Las frutas aportan saludables cantidades de oxigeno.<\/p>\n<p>Semillas: aparte de todos sus beneficios, son altamente alcalinizantes como por ejemplo las almendras.<\/p>\n<p>Cereales integrales: El \u00fanico cereal integral alcalinizante es el Mijo, todos los dem\u00e1s son ligeramente acidificantes pero muy saludables! Todos deben consumirse cocidos.<\/p>\n<p>La miel es altamente alcalinizante<\/p>\n<p>La clorofila de las plantas (de cualquier planta) es altamente alcalinizante (sobre todo el aloe vera)<\/p>\n<p>El agua es important\u00edsima para el aporte de oxigeno. \u00abLa deshidrataci\u00f3n cr\u00f3nica es el estresante principal del cuerpo y la ra\u00edz de la mayor parte de las enfermedades degenerativas\u00bb afirma el Dr. Feydoon Batmanghelidj<\/p>\n<p>El ejercicio oxigena todo tu organismo, el sedentarismo lo desgasta<\/p>\n<p>El Doctor George W. Crile, de Cleveland, uno de los cirujanos m\u00e1s importantes del mundo quien declara abiertamente:<br \/>\n\u00abTodas las muertes mal llamadas naturales no son m\u00e1s que el punto terminal de una saturaci\u00f3n de \u00e1cidos en el organismo.<\/p>\n<p>Contrario a lo anterior es totalmente imposible que un c\u00e1ncer prolifere en una persona que libere su cuerpo de la acidez, nutri\u00e9ndose con alimentos que produzcan reacciones metab\u00f3licas alcalinas y aumentando el consumo del agua pura; y que, a su vez, evite los alimentos que originan dicha acidez, y se cuide de los elementos t\u00f3xicos.<\/p>\n<p>En general el c\u00e1ncer no se contagia ni se hereda&#8230; lo que se hereda son las costumbres alimenticias, ambientales y de vida que lo producen.\u00bb<br \/>\nMencken escribi\u00f3:<br \/>\n\u00abLa lucha de la vida es en contra de la retenci\u00f3n de \u00e1cido. El envejecimiento, la falta de energ\u00eda, el mal genio y los dolores de cabeza, enfermedades del coraz\u00f3n, alergias, eczemas, urticaria, asma, c\u00e1lculos y arteriosclerosis no son m\u00e1s que la acumulaci\u00f3n de \u00e1cidos.\u00bb<br \/>\nEl Dr. Theodore A. Baroody dice en su libro \u00abAlkalize or Die\u00bb (alcalinizar o morir):<br \/>\n\u00abEn realidad no importa el sin n\u00famero de nombres de enfermedades. Lo que s\u00ed importa es que todas provienen de la misma causa b\u00e1sica&#8230; muchos desechos \u00e1cidos en el cuerpo!\u00bb.<br \/>\nEl Dr. Robert O. Young dice:<br \/>\n\u00abEl exceso de acidificaci\u00f3n en el organismo es la causa de todas las enfermedades degenerativas. Cuando se rompe el equilibrio y el organismo comienza a producir y almacenar m\u00e1s acidez y desechos t\u00f3xicos de los que puede eliminar, entonces se manifiestan diversas dolencias.\u00bb<\/p>\n<p>\u00bfY la quimioterapia?<\/p>\n<p>No voy a entrar en detalles, solamente me voy a limitar a se\u00f1alar lo obvio:<br \/>\nLa quimioterapia acidifica el organismo a tal extremo, que este debe recurrir a las reservas alcalinas de forma inmediata para neutralizar tanta acidez, sacrificando bases minerales (Calcio, Magnesio, Potasio) depositadas en huesos, dientes, u\u00f1as, articulaciones, u\u00f1as y cabellos.<\/p>\n<p>Es por ese motivo que se observa semejante degradaci\u00f3n en las personas que reciben este tratamiento, y entre tantas otras cosas, se les cae a gran velocidad el cabello.<br \/>\nPara el organismo no significa nada quedarse sin cabello, pero un PH acido significar\u00eda la muerte.<\/p>\n<p>\u00bfEn necesario decir que esto no se da a conocer porque la industria del c\u00e1ncer y la quimioterapia son uno de los negocios mas multimillonarios que existen hoy en d\u00eda? \u00bfEn necesario decir que la industria farmac\u00e9utica y la industria alimenticia son una sola entidad?<\/p>\n<p>\u00bfTe das cuenta lo que significa esto?<\/p>\n<p>Cuantos de nosotros hemos escuchado la noticia de alguien que tiene c\u00e1ncer y siempre alguien dice:<br \/>\n\u00aby si&#8230; le puede tocar a cualquiera&#8230;\u00bb<br \/>\nA cualquiera? La ignorancia, justifica&#8230; el saber, condena.<br \/>\nQue el alimento sea tu medicina, que tu medicina sea el alimento.<br \/>\nHip\u00f3crates<br \/>\nRegresar a La Derrota del C\u00e1ncer<br \/>\nRegresar a Una Sana Industria M\u00e9dica y Medioambiental<\/p>\n<p><code>\n<div class=\"juiz_sps_links  counters_both juiz_sps_displayed_bottom\" data-post-id=\"849\">\n<p class=\"screen-reader-text juiz_sps_maybe_hidden_text\">Compartir la entrada \"La causa primaria del c\u00e1ncer.\"<\/p>\n\n\t<ul class=\"juiz_sps_links_list\" onclick=\"void(0);\"><li class=\"juiz_sps_item juiz_sps_link_twitter\"><a href=\"https:\/\/x.com\/intent\/tweet?source=webclient&#038;original_referer=https%3A%2F%2Funiversus.com.mx%2FNwp%2Fwp-json%2Fwp%2Fv2%2Fpages%2F849&#038;text=La%20causa%20primaria%20del%20c%C3%A1ncer.&#038;url=https%3A%2F%2Funiversus.com.mx%2FNwp%2Fwp-json%2Fwp%2Fv2%2Fpages%2F849&#038;related=slavalle&#038;via=slavalle\" rel=\"nofollow\"   title=\"Compartir este art\u00edculo en X\" class=\"juiz_sps_button\" data-nobs-key=\"twitter\"><span class=\"juiz_sps_icon jsps-twitter\"><\/span><span class=\"juiz_sps_network_name\">X<\/span><\/a><\/li><li class=\"juiz_sps_item juiz_sps_link_facebook\"><a href=\"https:\/\/www.facebook.com\/sharer.php?u=https%3A%2F%2Funiversus.com.mx%2FNwp%2Fwp-json%2Fwp%2Fv2%2Fpages%2F849\" rel=\"nofollow\"   title=\"Compartir este art\u00edculo en Facebook\" class=\"juiz_sps_button\" data-nobs-key=\"facebook\"><span class=\"juiz_sps_icon jsps-facebook\"><\/span><span class=\"juiz_sps_network_name\">Facebook<\/span><\/a><\/li><li class=\"juiz_sps_item juiz_sps_link_linkedin\"><a href=\"https:\/\/www.linkedin.com\/sharing\/share-offsite\/?url=https%3A%2F%2Funiversus.com.mx%2FNwp%2Fwp-json%2Fwp%2Fv2%2Fpages%2F849\" rel=\"nofollow\"   title=\"Compartir este art\u00edculo en LinkedIn\" class=\"juiz_sps_button\" data-nobs-key=\"linkedin\"><span class=\"juiz_sps_icon jsps-linkedin\"><\/span><span class=\"juiz_sps_network_name\">LinkedIn<\/span><\/a><\/li><li class=\"juiz_sps_item juiz_sps_link_mail\"><a href=\"mailto:?subject=Visit%20this%20link%20find%20on%20https:\/\/universus.com.mx\/Nwp&#038;body=Hi,%20I%20found%20this%20information%20for%20you%20:%20La%20causa%20primaria%20del%20c\u00e1ncer.!%20This%20is%20the%20direct%20link:%20https:\/\/universus.com.mx\/Nwp\/salud\/la-causa-primaria-del-cancer\/%20Have%20a%20nice%20day%20:)\" rel=\"nofollow\"   title=\"Compartir esto con un amigo (correo electr\u00f3nico)\" class=\"juiz_sps_button\" data-nobs-key=\"mail\"><span class=\"juiz_sps_icon jsps-mail\"><\/span><span class=\"juiz_sps_network_name\">Correo electr\u00f3nico<\/span><\/a><\/li><\/ul>\n\t<\/div>\n\n<\/code><\/p>\n","protected":false},"excerpt":{"rendered":"<p>Contenido tomado de: http:\/\/www.bibliotecapleyades.net\/salud\/salud_defeatcancer67.htm Otto Heinrich Warburg (1883-1970) gan\u00f3 el Premio Nobel 1931 por su tesis \u00abla causa primaria y la prevenci\u00f3n del c\u00e1ncer\u00bb Seg\u00fan este cient\u00edfico, el c\u00e1ncer es la consecuencia de una alimentaci\u00f3n anti fisiol\u00f3gica y un estilo de vida anti fisiol\u00f3gico&#8230; \u00bfPorque? &#8230;porque una alimentaci\u00f3n anti fisiol\u00f3gica (dieta basada en alimentos acidificantes [&hellip;]<\/p>\n","protected":false},"author":2,"featured_media":0,"parent":809,"menu_order":0,"comment_status":"closed","ping_status":"closed","template":"","meta":{"footnotes":""},"class_list":["post-849","page","type-page","status-publish","czr-hentry"],"_links":{"self":[{"href":"https:\/\/universus.com.mx\/Nwp\/wp-json\/wp\/v2\/pages\/849","targetHints":{"allow":["GET"]}}],"collection":[{"href":"https:\/\/universus.com.mx\/Nwp\/wp-json\/wp\/v2\/pages"}],"about":[{"href":"https:\/\/universus.com.mx\/Nwp\/wp-json\/wp\/v2\/types\/page"}],"author":[{"embeddable":true,"href":"https:\/\/universus.com.mx\/Nwp\/wp-json\/wp\/v2\/users\/2"}],"replies":[{"embeddable":true,"href":"https:\/\/universus.com.mx\/Nwp\/wp-json\/wp\/v2\/comments?post=849"}],"version-history":[{"count":8,"href":"https:\/\/universus.com.mx\/Nwp\/wp-json\/wp\/v2\/pages\/849\/revisions"}],"predecessor-version":[{"id":2166,"href":"https:\/\/universus.com.mx\/Nwp\/wp-json\/wp\/v2\/pages\/849\/revisions\/2166"}],"up":[{"embeddable":true,"href":"https:\/\/universus.com.mx\/Nwp\/wp-json\/wp\/v2\/pages\/809"}],"wp:attachment":[{"href":"https:\/\/universus.com.mx\/Nwp\/wp-json\/wp\/v2\/media?parent=849"}],"curies":[{"name":"wp","href":"https:\/\/api.w.org\/{rel}","templated":true}]}}