{"id":815,"date":"2015-01-29T19:04:54","date_gmt":"2015-01-30T01:04:54","guid":{"rendered":"https:\/\/universus.mx\/Nwp\/?page_id=815"},"modified":"2015-04-23T01:32:33","modified_gmt":"2015-04-23T06:32:33","slug":"10-propiedades-del-jenjibre","status":"publish","type":"page","link":"https:\/\/universus.com.mx\/Nwp\/salud\/10-propiedades-del-jenjibre\/","title":{"rendered":"10 Propiedades del jenjibre."},"content":{"rendered":"<p>El jengibre es una de las plantas m\u00e1s populares en la medicina tradicional china; adem\u00e1s, es un antiinflamatorio natural que ayuda a combatir enfermedades respiratorias, artrosis y problemas digestivos, de acuerdo con un estudio publicado en el Journal of the Medical Association of Thailand.<\/p>\n<p><a href=\"https:\/\/universus.mx\/Nwp\/wp-content\/uploads\/2014\/12\/jenjibre.jpeg\"><img loading=\"lazy\" decoding=\"async\" class=\"alignnone size-thumbnail wp-image-802\" src=\"https:\/\/universus.mx\/Nwp\/wp-content\/uploads\/2014\/12\/jenjibre-150x124.jpeg\" alt=\"jenjibre\" width=\"150\" height=\"124\" \/><\/a><\/p>\n<p>Por su sabor picante y arom\u00e1tico se recomienda consumirlo con moderaci\u00f3n y acompa\u00f1ando otros alimentos. Gracias a que es muy rico en aceites esenciales,vitaminas, minerales, antioxidantes y amino\u00e1cidos otorga muchos beneficios al cuerpo humano, como los siguientes:<\/p>\n<p>1. Disminuye los dolores reum\u00e1ticos y menstruales<br \/>\n2. Es eficaz contra la gripe y los resfriados, al favorecer la expectoraci\u00f3n<br \/>\n3. Mejora el flujo sangu\u00edneo, por lo que previene las enfermedades cardiovasculares<br \/>\n4. Elimina el mareo y el v\u00e9rtigo<br \/>\n5. Es un afrodis\u00edaco natural, al estimular la libido<br \/>\n6. Es un antidepresivo natural<br \/>\n7. Combate el envejecimiento prematuro y reduce los niveles de estr\u00e9s<br \/>\n8. Disminuye las migra\u00f1as al bloquear los efectos de la protasgladina<br \/>\n9. Previene el c\u00e1ncer de colon y de ovario<br \/>\n10. Facilita la digesti\u00f3n<\/p>\n<p>&nbsp;<\/p>\n<p>&nbsp;<\/p>\n<p><code>\n<div class=\"juiz_sps_links  counters_both juiz_sps_displayed_bottom\" data-post-id=\"815\">\n<p class=\"screen-reader-text juiz_sps_maybe_hidden_text\">Compartir la entrada \"10 Propiedades del jenjibre.\"<\/p>\n\n\t<ul class=\"juiz_sps_links_list\" onclick=\"void(0);\"><li class=\"juiz_sps_item juiz_sps_link_twitter\"><a href=\"https:\/\/x.com\/intent\/tweet?source=webclient&#038;original_referer=https%3A%2F%2Funiversus.com.mx%2FNwp%2Fwp-json%2Fwp%2Fv2%2Fpages%2F815&#038;text=10%20Propiedades%20del%20jenjibre.&#038;url=https%3A%2F%2Funiversus.com.mx%2FNwp%2Fwp-json%2Fwp%2Fv2%2Fpages%2F815&#038;related=slavalle&#038;via=slavalle\" rel=\"nofollow\"   title=\"Compartir este art\u00edculo en X\" class=\"juiz_sps_button\" data-nobs-key=\"twitter\"><span class=\"juiz_sps_icon jsps-twitter\"><\/span><span class=\"juiz_sps_network_name\">X<\/span><\/a><\/li><li class=\"juiz_sps_item juiz_sps_link_facebook\"><a href=\"https:\/\/www.facebook.com\/sharer.php?u=https%3A%2F%2Funiversus.com.mx%2FNwp%2Fwp-json%2Fwp%2Fv2%2Fpages%2F815\" rel=\"nofollow\"   title=\"Compartir este art\u00edculo en Facebook\" class=\"juiz_sps_button\" data-nobs-key=\"facebook\"><span class=\"juiz_sps_icon jsps-facebook\"><\/span><span class=\"juiz_sps_network_name\">Facebook<\/span><\/a><\/li><li class=\"juiz_sps_item juiz_sps_link_linkedin\"><a href=\"https:\/\/www.linkedin.com\/sharing\/share-offsite\/?url=https%3A%2F%2Funiversus.com.mx%2FNwp%2Fwp-json%2Fwp%2Fv2%2Fpages%2F815\" rel=\"nofollow\"   title=\"Compartir este art\u00edculo en LinkedIn\" class=\"juiz_sps_button\" data-nobs-key=\"linkedin\"><span class=\"juiz_sps_icon jsps-linkedin\"><\/span><span class=\"juiz_sps_network_name\">LinkedIn<\/span><\/a><\/li><li class=\"juiz_sps_item juiz_sps_link_mail\"><a href=\"mailto:?subject=Visit%20this%20link%20find%20on%20https:\/\/universus.com.mx\/Nwp&#038;body=Hi,%20I%20found%20this%20information%20for%20you%20:%2010%20Propiedades%20del%20jenjibre.!%20This%20is%20the%20direct%20link:%20https:\/\/universus.com.mx\/Nwp\/salud\/10-propiedades-del-jenjibre\/%20Have%20a%20nice%20day%20:)\" rel=\"nofollow\"   title=\"Compartir esto con un amigo (correo electr\u00f3nico)\" class=\"juiz_sps_button\" data-nobs-key=\"mail\"><span class=\"juiz_sps_icon jsps-mail\"><\/span><span class=\"juiz_sps_network_name\">Correo electr\u00f3nico<\/span><\/a><\/li><\/ul>\n\t<\/div>\n\n<\/code><\/p>\n","protected":false},"excerpt":{"rendered":"<p>El jengibre es una de las plantas m\u00e1s populares en la medicina tradicional china; adem\u00e1s, es un antiinflamatorio natural que ayuda a combatir enfermedades respiratorias, artrosis y problemas digestivos, de acuerdo con un estudio publicado en el Journal of the Medical Association of Thailand. Por su sabor picante y arom\u00e1tico se recomienda consumirlo con moderaci\u00f3n [&hellip;]<\/p>\n","protected":false},"author":2,"featured_media":0,"parent":809,"menu_order":0,"comment_status":"closed","ping_status":"closed","template":"","meta":{"footnotes":""},"class_list":["post-815","page","type-page","status-publish","czr-hentry"],"_links":{"self":[{"href":"https:\/\/universus.com.mx\/Nwp\/wp-json\/wp\/v2\/pages\/815","targetHints":{"allow":["GET"]}}],"collection":[{"href":"https:\/\/universus.com.mx\/Nwp\/wp-json\/wp\/v2\/pages"}],"about":[{"href":"https:\/\/universus.com.mx\/Nwp\/wp-json\/wp\/v2\/types\/page"}],"author":[{"embeddable":true,"href":"https:\/\/universus.com.mx\/Nwp\/wp-json\/wp\/v2\/users\/2"}],"replies":[{"embeddable":true,"href":"https:\/\/universus.com.mx\/Nwp\/wp-json\/wp\/v2\/comments?post=815"}],"version-history":[{"count":5,"href":"https:\/\/universus.com.mx\/Nwp\/wp-json\/wp\/v2\/pages\/815\/revisions"}],"predecessor-version":[{"id":880,"href":"https:\/\/universus.com.mx\/Nwp\/wp-json\/wp\/v2\/pages\/815\/revisions\/880"}],"up":[{"embeddable":true,"href":"https:\/\/universus.com.mx\/Nwp\/wp-json\/wp\/v2\/pages\/809"}],"wp:attachment":[{"href":"https:\/\/universus.com.mx\/Nwp\/wp-json\/wp\/v2\/media?parent=815"}],"curies":[{"name":"wp","href":"https:\/\/api.w.org\/{rel}","templated":true}]}}