{"id":744,"date":"2015-01-01T14:09:04","date_gmt":"2015-01-01T20:09:04","guid":{"rendered":"https:\/\/universus.mx\/Nwp\/?page_id=744"},"modified":"2015-01-04T11:44:14","modified_gmt":"2015-01-04T17:44:14","slug":"sociedad","status":"publish","type":"page","link":"https:\/\/universus.com.mx\/Nwp\/informacion\/sociedad\/","title":{"rendered":"Sociedad"},"content":{"rendered":"<p>En esta secci\u00f2n encontrar\u00e1 informaci\u00f3n sobre los fen\u00f3menos colectivos producidos por la actividad social de los seres humanos, dentro del contexto hist\u00f3rico-cultural nacional y mundial, en el que nos encontramos inmersos.<\/p>\n<p>&nbsp;<\/p>\n","protected":false},"excerpt":{"rendered":"<p>En esta secci\u00f2n encontrar\u00e1 informaci\u00f3n sobre los fen\u00f3menos colectivos producidos por la actividad social de los seres humanos, dentro del contexto hist\u00f3rico-cultural nacional y mundial, en el que nos encontramos inmersos. &nbsp;<\/p>\n","protected":false},"author":1,"featured_media":0,"parent":436,"menu_order":0,"comment_status":"closed","ping_status":"closed","template":"","meta":{"footnotes":""},"class_list":["post-744","page","type-page","status-publish","czr-hentry"],"_links":{"self":[{"href":"https:\/\/universus.com.mx\/Nwp\/wp-json\/wp\/v2\/pages\/744","targetHints":{"allow":["GET"]}}],"collection":[{"href":"https:\/\/universus.com.mx\/Nwp\/wp-json\/wp\/v2\/pages"}],"about":[{"href":"https:\/\/universus.com.mx\/Nwp\/wp-json\/wp\/v2\/types\/page"}],"author":[{"embeddable":true,"href":"https:\/\/universus.com.mx\/Nwp\/wp-json\/wp\/v2\/users\/1"}],"replies":[{"embeddable":true,"href":"https:\/\/universus.com.mx\/Nwp\/wp-json\/wp\/v2\/comments?post=744"}],"version-history":[{"count":3,"href":"https:\/\/universus.com.mx\/Nwp\/wp-json\/wp\/v2\/pages\/744\/revisions"}],"predecessor-version":[{"id":772,"href":"https:\/\/universus.com.mx\/Nwp\/wp-json\/wp\/v2\/pages\/744\/revisions\/772"}],"up":[{"embeddable":true,"href":"https:\/\/universus.com.mx\/Nwp\/wp-json\/wp\/v2\/pages\/436"}],"wp:attachment":[{"href":"https:\/\/universus.com.mx\/Nwp\/wp-json\/wp\/v2\/media?parent=744"}],"curies":[{"name":"wp","href":"https:\/\/api.w.org\/{rel}","templated":true}]}}