{"id":59,"date":"2014-11-01T05:26:05","date_gmt":"2014-11-01T11:26:05","guid":{"rendered":"https:\/\/universus.mx\/Nwp\/?page_id=59"},"modified":"2026-04-18T12:37:50","modified_gmt":"2026-04-18T18:37:50","slug":"somos","status":"publish","type":"page","link":"https:\/\/universus.com.mx\/Nwp\/informacion\/somos\/","title":{"rendered":"Somos"},"content":{"rendered":"<p><a href=\"https:\/\/universus.mx\/Nwp\/wp-content\/uploads\/2014\/11\/Fruit-crepe.jpg\"><img loading=\"lazy\" decoding=\"async\" class=\"alignnone size-medium wp-image-359\" src=\"https:\/\/universus.mx\/Nwp\/wp-content\/uploads\/2014\/11\/Fruit-crepe-300x199.jpg\" alt=\"\" width=\"300\" height=\"199\" srcset=\"https:\/\/universus.com.mx\/Nwp\/wp-content\/uploads\/2014\/11\/Fruit-crepe-300x199.jpg 300w, https:\/\/universus.com.mx\/Nwp\/wp-content\/uploads\/2014\/11\/Fruit-crepe.jpg 500w\" sizes=\"auto, (max-width: 300px) 100vw, 300px\" \/><\/a><\/p>\n<p lang=\"es-US\" style=\"margin: 0in; font-family: Calibri; font-size: 11.0pt;\">Restaurante UNIVERSUS: Sabor, tradici\u00f3n y calidad en cada platillo.<\/p>\n<p lang=\"es-US\" style=\"margin: 0in; font-family: Calibri; font-size: 11.0pt;\">En Restaurante UNIVERSUS somos una empresa con m\u00e1s de 25 a\u00f1os de experiencia (desde 2001) dedicada a ofrecerte lo mejor de la cocina mexicana, con un toque especial en la tradici\u00f3n poblana que tanto nos enorgullece.<\/p>\n<p lang=\"es-US\" style=\"margin: 0in; font-family: Calibri; font-size: 11.0pt;\">Disfruta de nuestros platillos preparados con ingredientes de alta calidad, ideales para quienes buscan comer rico, saludable y como en casa, sin importar lo ocupado del d\u00eda.<\/p>\n<p lang=\"es-US\" style=\"margin: 0in; font-family: Calibri; font-size: 11.0pt;\">Nuestras especialidades:<\/p>\n<p lang=\"es-US\" style=\"margin: 0in; font-family: Calibri; font-size: 11.0pt;\">Cocina mexicana tradicional poblana<\/p>\n<p lang=\"es-US\" style=\"margin: 0in; font-family: Calibri; font-size: 11.0pt;\">Deliciosas crepas dulces y saladas<\/p>\n<p lang=\"es-US\" style=\"margin: 0in; font-family: Calibri; font-size: 11.0pt;\">Opciones perfectas para desayunar, comer o cenar<\/p>\n<p lang=\"es-US\" style=\"margin: 0in; font-family: Calibri; font-size: 11.0pt;\">Acompa\u00f1a tu experiencia con nuestra cerveza artesanal, elaborada por nosotros mismos:<\/p>\n<p lang=\"es-US\" style=\"margin: 0in; font-family: Calibri; font-size: 11.0pt;\">Stout<\/p>\n<p lang=\"es-US\" style=\"margin: 0in; font-family: Calibri; font-size: 11.0pt;\">American Pale Ale<\/p>\n<p lang=\"es-US\" style=\"margin: 0in; font-family: Calibri; font-size: 11.0pt;\">American IPA<\/p>\n<p lang=\"es-US\" style=\"margin: 0in; font-family: Calibri; font-size: 11.0pt;\">Adem\u00e1s, contamos con una amplia selecci\u00f3n de vinos, siendo distribuidores exclusivos de Freixenet M\u00e9xico, con precios altamente competitivos.<\/p>\n<p lang=\"es-US\" style=\"margin: 0in; font-family: Calibri; font-size: 11.0pt;\">Trabajamos con proveedores de prestigio como Sukarne (c\u00e1rnicos) y Lyncott (l\u00e1cteos y quesos), garantizando siempre frescura, calidad y sabor.<\/p>\n<p lang=\"es-US\" style=\"margin: 0in; font-family: Calibri; font-size: 11.0pt;\">Nuestra misi\u00f3n: brindarte salud a trav\u00e9s de la nutrici\u00f3n, con la mejor relaci\u00f3n entre calidad y precio.<\/p>\n<p lang=\"es-US\" style=\"margin: 0in; font-family: Calibri; font-size: 11.0pt;\">Restaurante UNIVERSUS es la opci\u00f3n ideal para quienes desean comer bien todos los d\u00edas, con el sabor de casa y el respaldo de una empresa con experiencia.<\/p>\n<p lang=\"es-US\" style=\"margin: 0in; font-family: Calibri; font-size: 11.0pt;\">Te esperamos para que vivas una experiencia \u00fanica en cada visita.<\/p>\n<p><code>\n<div class=\"juiz_sps_links  counters_both juiz_sps_displayed_bottom\" data-post-id=\"59\">\n<p class=\"screen-reader-text juiz_sps_maybe_hidden_text\">Compartir la entrada \"Somos\"<\/p>\n\n\t<ul class=\"juiz_sps_links_list\" onclick=\"void(0);\"><li class=\"juiz_sps_item juiz_sps_link_twitter\"><a href=\"https:\/\/x.com\/intent\/tweet?source=webclient&#038;original_referer=https%3A%2F%2Funiversus.com.mx%2FNwp%2Fwp-json%2Fwp%2Fv2%2Fpages%2F59&#038;text=Somos&#038;url=https%3A%2F%2Funiversus.com.mx%2FNwp%2Fwp-json%2Fwp%2Fv2%2Fpages%2F59&#038;related=slavalle&#038;via=slavalle\" rel=\"nofollow\"   title=\"Compartir este art\u00edculo en X\" class=\"juiz_sps_button\" data-nobs-key=\"twitter\"><span class=\"juiz_sps_icon jsps-twitter\"><\/span><span class=\"juiz_sps_network_name\">X<\/span><\/a><\/li><li class=\"juiz_sps_item juiz_sps_link_facebook\"><a href=\"https:\/\/www.facebook.com\/sharer.php?u=https%3A%2F%2Funiversus.com.mx%2FNwp%2Fwp-json%2Fwp%2Fv2%2Fpages%2F59\" rel=\"nofollow\"   title=\"Compartir este art\u00edculo en Facebook\" class=\"juiz_sps_button\" data-nobs-key=\"facebook\"><span class=\"juiz_sps_icon jsps-facebook\"><\/span><span class=\"juiz_sps_network_name\">Facebook<\/span><\/a><\/li><li class=\"juiz_sps_item juiz_sps_link_linkedin\"><a href=\"https:\/\/www.linkedin.com\/sharing\/share-offsite\/?url=https%3A%2F%2Funiversus.com.mx%2FNwp%2Fwp-json%2Fwp%2Fv2%2Fpages%2F59\" rel=\"nofollow\"   title=\"Compartir este art\u00edculo en LinkedIn\" class=\"juiz_sps_button\" data-nobs-key=\"linkedin\"><span class=\"juiz_sps_icon jsps-linkedin\"><\/span><span class=\"juiz_sps_network_name\">LinkedIn<\/span><\/a><\/li><li class=\"juiz_sps_item juiz_sps_link_mail\"><a href=\"mailto:?subject=Visit%20this%20link%20find%20on%20https:\/\/universus.com.mx\/Nwp&#038;body=Hi,%20I%20found%20this%20information%20for%20you%20:%20Somos!%20This%20is%20the%20direct%20link:%20https:\/\/universus.com.mx\/Nwp\/informacion\/somos\/%20Have%20a%20nice%20day%20:)\" rel=\"nofollow\"   title=\"Compartir esto con un amigo (correo electr\u00f3nico)\" class=\"juiz_sps_button\" data-nobs-key=\"mail\"><span class=\"juiz_sps_icon jsps-mail\"><\/span><span class=\"juiz_sps_network_name\">Correo electr\u00f3nico<\/span><\/a><\/li><\/ul>\n\t<\/div>\n\n<\/code><\/p>\n","protected":false},"excerpt":{"rendered":"<p>Restaurante UNIVERSUS: Sabor, tradici\u00f3n y calidad en cada platillo. En Restaurante UNIVERSUS somos una empresa con m\u00e1s de 25 a\u00f1os de experiencia (desde 2001) dedicada a ofrecerte lo mejor de la cocina mexicana, con un toque especial en la tradici\u00f3n poblana que tanto nos enorgullece. Disfruta de nuestros platillos preparados con ingredientes de alta calidad, [&hellip;]<\/p>\n","protected":false},"author":1,"featured_media":2268,"parent":436,"menu_order":0,"comment_status":"open","ping_status":"open","template":"","meta":{"footnotes":""},"class_list":["post-59","page","type-page","status-publish","has-post-thumbnail","czr-hentry"],"_links":{"self":[{"href":"https:\/\/universus.com.mx\/Nwp\/wp-json\/wp\/v2\/pages\/59","targetHints":{"allow":["GET"]}}],"collection":[{"href":"https:\/\/universus.com.mx\/Nwp\/wp-json\/wp\/v2\/pages"}],"about":[{"href":"https:\/\/universus.com.mx\/Nwp\/wp-json\/wp\/v2\/types\/page"}],"author":[{"embeddable":true,"href":"https:\/\/universus.com.mx\/Nwp\/wp-json\/wp\/v2\/users\/1"}],"replies":[{"embeddable":true,"href":"https:\/\/universus.com.mx\/Nwp\/wp-json\/wp\/v2\/comments?post=59"}],"version-history":[{"count":17,"href":"https:\/\/universus.com.mx\/Nwp\/wp-json\/wp\/v2\/pages\/59\/revisions"}],"predecessor-version":[{"id":2270,"href":"https:\/\/universus.com.mx\/Nwp\/wp-json\/wp\/v2\/pages\/59\/revisions\/2270"}],"up":[{"embeddable":true,"href":"https:\/\/universus.com.mx\/Nwp\/wp-json\/wp\/v2\/pages\/436"}],"wp:featuredmedia":[{"embeddable":true,"href":"https:\/\/universus.com.mx\/Nwp\/wp-json\/wp\/v2\/media\/2268"}],"wp:attachment":[{"href":"https:\/\/universus.com.mx\/Nwp\/wp-json\/wp\/v2\/media?parent=59"}],"curies":[{"name":"wp","href":"https:\/\/api.w.org\/{rel}","templated":true}]}}