{"id":470,"date":"2014-11-18T01:41:16","date_gmt":"2014-11-18T07:41:16","guid":{"rendered":"https:\/\/universus.mx\/Nwp\/?page_id=470"},"modified":"2026-03-19T21:51:43","modified_gmt":"2026-03-20T03:51:43","slug":"md2","status":"publish","type":"page","link":"https:\/\/universus.com.mx\/Nwp\/md2\/","title":{"rendered":"Menu Diario"},"content":{"rendered":"<div><\/div>\n<p class=\"western\" lang=\"es-ES\" align=\"center\"><a href=\"https:\/\/universus.mx\/Nwp\/wp-content\/uploads\/2014\/11\/menudia.jpg\"><img loading=\"lazy\" decoding=\"async\" class=\"alignnone size-thumbnail wp-image-450\" src=\"https:\/\/universus.mx\/Nwp\/wp-content\/uploads\/2014\/11\/menudia-150x150.jpg\" alt=\"menudia\" width=\"150\" height=\"150\" srcset=\"https:\/\/universus.com.mx\/Nwp\/wp-content\/uploads\/2014\/11\/menudia-150x150.jpg 150w, https:\/\/universus.com.mx\/Nwp\/wp-content\/uploads\/2014\/11\/menudia-300x300.jpg 300w, https:\/\/universus.com.mx\/Nwp\/wp-content\/uploads\/2014\/11\/menudia.jpg 472w\" sizes=\"auto, (max-width: 150px) 100vw, 150px\" \/><\/a><\/p>\n<p class=\"western\" lang=\"es-ES\" align=\"center\"><span style=\"font-family: 'Monotype Corsiva', cursive;\"><span style=\"font-size: x-large;\"><b><span style=\"color: #000000;\">Men\u00fa econ\u00f3mico $115.00<\/span><\/b><\/span><\/span><\/p>\n<p class=\"western\" lang=\"es-ES\" align=\"center\"><span style=\"font-family: 'Monotype Corsiva', cursive;\"><span style=\"font-size: x-large;\"><span style=\"color: #000000;\"><span style=\"font-family: 'Century Schoolbook L', serif;\"><span style=\"font-size: large;\"><i>(En un tiempo, guisado del d\u00eda, arroz y ensalada. Se incluye agua de fruta de temporada)<\/i><\/span><\/span><\/span><\/span><\/span><\/p>\n<p class=\"western\" lang=\"es-ES\" align=\"center\"><span style=\"font-family: Monotype Corsiva,cursive;\"><span style=\"font-size: x-large;\"><b>Men\u00fa del d\u00eda<\/b><\/span><\/span><\/p>\n<p class=\"western\" lang=\"es-ES\" align=\"center\"><span style=\"font-family: Monotype Corsiva,cursive;\"><span style=\"font-size: x-large;\"><b>Sopa de calabaza<\/b><\/span><\/span><\/p>\n<p class=\"western\" lang=\"es-ES\" align=\"center\"><span style=\"font-family: Monotype Corsiva,cursive;\"><span style=\"font-size: x-large;\">\u00f3<\/span><\/span><\/p>\n<p class=\"western\" lang=\"es-ES\" align=\"center\"><span style=\"font-family: Monotype Corsiva,cursive;\"><span style=\"font-size: x-large;\"><b>Consom\u00e9 de pollo<\/b><\/span><\/span><\/p>\n<p class=\"western\" lang=\"es-ES\" align=\"center\">\u221e<\/p>\n<p class=\"western\" lang=\"es-ES\" align=\"center\"><span style=\"font-family: Monotype Corsiva,cursive;\"><span style=\"font-size: x-large;\"><b>Arroz<\/b><\/span><\/span><\/p>\n<p class=\"western\" lang=\"es-ES\" align=\"center\">\u221e<\/p>\n<p class=\"western\" lang=\"es-ES\" align=\"center\"><span style=\"font-family: Monotype Corsiva,cursive;\"><span style=\"font-size: x-large;\"><b>Filete de pescado al ajillo con champi\u00f1ones<\/b><\/span><\/span><\/p>\n<p class=\"western\" lang=\"es-ES\" align=\"center\"><span style=\"font-family: Century Schoolbook L,serif;\"><span style=\"font-size: large;\"><i>(Filete de pescado cocinado con champi\u00f1ones blancos, setas y portobello, chile huajillo en cintillas, ajo y cebolla)<\/i><\/span><\/span><\/p>\n<p class=\"western\" lang=\"es-ES\" align=\"center\"><span style=\"font-family: Monotype Corsiva,cursive;\"><span style=\"font-size: x-large;\">\u00f3<\/span><\/span><\/p>\n<p class=\"western\" lang=\"es-ES\" align=\"center\"><span style=\"font-family: Monotype Corsiva,cursive;\"><span style=\"font-size: x-large;\"><b>Pechuga de pollo a la mostaza<\/b><\/span><\/span><\/p>\n<p class=\"western\" lang=\"es-ES\" align=\"center\"><span style=\"font-family: Century Schoolbook L,serif;\"><span style=\"font-size: large;\"><i>(Pollo cocinado con mostaza, crema, papas, ajo, cebolla, cominos, or\u00e9gano, pimienta, apio, vinagre de manzana y sal. Se sirve 120 gr. de pechuga de pollo en escalopas)<\/i><\/span><\/span><\/p>\n<p class=\"western\" lang=\"es-ES\" align=\"center\">\n\n<p class=\"western\" lang=\"es-ES\" align=\"center\">\u221e<\/p>\n<p class=\"western\" lang=\"es-ES\" align=\"center\"><span style=\"font-family: 'Monotype Corsiva', cursive;\"><span style=\"font-size: large;\"><b>Agua de fruta de temporada, postre \u00f3 caf\u00e9<\/b><\/span><\/span><\/p>\n<p class=\"western\" lang=\"es-ES\" align=\"center\"><span style=\"font-family: 'Monotype Corsiva', cursive;\"><span style=\"font-size: large;\"><b>Precio del men\u00fa: $130.00<\/b><\/span><\/span><\/p>\n<\/p>\n<p class=\"western\" lang=\"es-ES\" align=\"center\"><span style=\"font-family: 'Monotype Corsiva', cursive;\"><span style=\"font-size: large;\"><b>Precio del men\u00fa con Paella: $185.00<\/b><\/span><\/span><\/p>\n<p>\n<p class=\"western\" lang=\"es-ES\" align=\"center\"><span style=\"font-family: 'Monotype Corsiva', cursive;\"><span style=\"font-size: large;\"><b>Cerveza <\/b><\/span><\/span><span style=\"font-family: 'Monotype Corsiva', cursive;\"><span style=\"font-size: large;\"><i><b>$50<\/b><\/i><\/span><\/span><span style=\"font-family: 'Monotype Corsiva', cursive;\"><span style=\"font-size: large;\"><b>.00,<\/b><\/span><\/span><span style=\"font-family: 'Monotype Corsiva', cursive;\"><span style=\"font-size: large;\"><b> refresco $40.00<\/b><\/span><\/span><\/p>\n<p class=\"western\" lang=\"es-ES\" align=\"center\"><span style=\"font-family: 'Monotype Corsiva', cursive;\"><span style=\"font-size: large;\"><b>Copa de vino de la casa Freixenet de <\/b><\/span><\/span><span style=\"font-family: 'Monotype Corsiva', cursive;\"><span style=\"font-size: large;\"><b>M\u00e9xico $60.00<\/b><\/span><\/span><\/p>\n<p class=\"western\" lang=\"es-ES\" align=\"center\"><span style=\"font-family: 'Monotype Corsiva', cursive;\"><span style=\"font-size: large;\"><b><span style=\"font-family: 'Monotype Corsiva', cursive;\">Gracias por su preferencia<\/span><\/b><\/span><\/span><\/p>\n<h3 lang=\"es-ES\" align=\"center\">Cualquier platillo de la carta m\u00e1s treinta pesos se convierte en paquete de men\u00fa diario.<\/h3>\n<h3 lang=\"es-ES\" align=\"center\">\u00a1Arme su paquete!<\/h3>\n<p><code>\n<div class=\"juiz_sps_links  counters_both juiz_sps_displayed_bottom\" data-post-id=\"470\">\n<p class=\"screen-reader-text juiz_sps_maybe_hidden_text\">Compartir la entrada \"Menu Diario\"<\/p>\n\n\t<ul class=\"juiz_sps_links_list\" onclick=\"void(0);\"><li class=\"juiz_sps_item juiz_sps_link_twitter\"><a href=\"https:\/\/x.com\/intent\/tweet?source=webclient&#038;original_referer=https%3A%2F%2Funiversus.com.mx%2FNwp%2Fwp-json%2Fwp%2Fv2%2Fpages%2F470&#038;text=Menu%20Diario&#038;url=https%3A%2F%2Funiversus.com.mx%2FNwp%2Fwp-json%2Fwp%2Fv2%2Fpages%2F470&#038;related=slavalle&#038;via=slavalle\" rel=\"nofollow\"   title=\"Compartir este art\u00edculo en X\" class=\"juiz_sps_button\" data-nobs-key=\"twitter\"><span class=\"juiz_sps_icon jsps-twitter\"><\/span><span class=\"juiz_sps_network_name\">X<\/span><\/a><\/li><li class=\"juiz_sps_item juiz_sps_link_facebook\"><a href=\"https:\/\/www.facebook.com\/sharer.php?u=https%3A%2F%2Funiversus.com.mx%2FNwp%2Fwp-json%2Fwp%2Fv2%2Fpages%2F470\" rel=\"nofollow\"   title=\"Compartir este art\u00edculo en Facebook\" class=\"juiz_sps_button\" data-nobs-key=\"facebook\"><span class=\"juiz_sps_icon jsps-facebook\"><\/span><span class=\"juiz_sps_network_name\">Facebook<\/span><\/a><\/li><li class=\"juiz_sps_item juiz_sps_link_linkedin\"><a href=\"https:\/\/www.linkedin.com\/sharing\/share-offsite\/?url=https%3A%2F%2Funiversus.com.mx%2FNwp%2Fwp-json%2Fwp%2Fv2%2Fpages%2F470\" rel=\"nofollow\"   title=\"Compartir este art\u00edculo en LinkedIn\" class=\"juiz_sps_button\" data-nobs-key=\"linkedin\"><span class=\"juiz_sps_icon jsps-linkedin\"><\/span><span class=\"juiz_sps_network_name\">LinkedIn<\/span><\/a><\/li><li class=\"juiz_sps_item juiz_sps_link_mail\"><a href=\"mailto:?subject=Visit%20this%20link%20find%20on%20https:\/\/universus.com.mx\/Nwp&#038;body=Hi,%20I%20found%20this%20information%20for%20you%20:%20Menu%20Diario!%20This%20is%20the%20direct%20link:%20https:\/\/universus.com.mx\/Nwp\/md2\/%20Have%20a%20nice%20day%20:)\" rel=\"nofollow\"   title=\"Compartir esto con un amigo (correo electr\u00f3nico)\" class=\"juiz_sps_button\" data-nobs-key=\"mail\"><span class=\"juiz_sps_icon jsps-mail\"><\/span><span class=\"juiz_sps_network_name\">Correo electr\u00f3nico<\/span><\/a><\/li><\/ul>\n\t<\/div>\n\n<\/code><\/p>\n","protected":false},"excerpt":{"rendered":"<p>Men\u00fa econ\u00f3mico $115.00 (En un tiempo, guisado del d\u00eda, arroz y ensalada. Se incluye agua de fruta de temporada) \u221e Agua de fruta de temporada, postre \u00f3 caf\u00e9 Precio del men\u00fa: $130.00 Cerveza $50.00, refresco $40.00 Copa de vino de la casa Freixenet de M\u00e9xico $60.00 Gracias por su preferencia Cualquier platillo de la carta [&hellip;]<\/p>\n","protected":false},"author":1,"featured_media":1138,"parent":0,"menu_order":0,"comment_status":"closed","ping_status":"closed","template":"","meta":{"footnotes":""},"class_list":["post-470","page","type-page","status-publish","has-post-thumbnail","czr-hentry"],"_links":{"self":[{"href":"https:\/\/universus.com.mx\/Nwp\/wp-json\/wp\/v2\/pages\/470","targetHints":{"allow":["GET"]}}],"collection":[{"href":"https:\/\/universus.com.mx\/Nwp\/wp-json\/wp\/v2\/pages"}],"about":[{"href":"https:\/\/universus.com.mx\/Nwp\/wp-json\/wp\/v2\/types\/page"}],"author":[{"embeddable":true,"href":"https:\/\/universus.com.mx\/Nwp\/wp-json\/wp\/v2\/users\/1"}],"replies":[{"embeddable":true,"href":"https:\/\/universus.com.mx\/Nwp\/wp-json\/wp\/v2\/comments?post=470"}],"version-history":[{"count":49,"href":"https:\/\/universus.com.mx\/Nwp\/wp-json\/wp\/v2\/pages\/470\/revisions"}],"predecessor-version":[{"id":2217,"href":"https:\/\/universus.com.mx\/Nwp\/wp-json\/wp\/v2\/pages\/470\/revisions\/2217"}],"wp:featuredmedia":[{"embeddable":true,"href":"https:\/\/universus.com.mx\/Nwp\/wp-json\/wp\/v2\/media\/1138"}],"wp:attachment":[{"href":"https:\/\/universus.com.mx\/Nwp\/wp-json\/wp\/v2\/media?parent=470"}],"curies":[{"name":"wp","href":"https:\/\/api.w.org\/{rel}","templated":true}]}}