{"id":1404,"date":"2020-11-27T16:13:48","date_gmt":"2020-11-27T22:13:48","guid":{"rendered":"https:\/\/universus.mx\/Nwp\/?page_id=1404"},"modified":"2020-11-27T16:16:47","modified_gmt":"2020-11-27T22:16:47","slug":"como-hacer-cerveza-parte-1","status":"publish","type":"page","link":"https:\/\/universus.com.mx\/Nwp\/como-hacer-cerveza-parte-1\/","title":{"rendered":"\u00bfComo hacer Cerveza? Parte 1"},"content":{"rendered":"\n<p>Introducci\u00f3n<\/p>\n\n\n\n<p>Hay muy buenos libros acerca de c\u00f3mo hacer cerveza artesanal disponible en este momento, as\u00ed que<br>\u00bfPor qu\u00e9 escribir otro? La respuesta es: una cuesti\u00f3n de perspectiva. Cuando comenc\u00e9 a fabricar mi<br>propia cerveza, hace varios a\u00f1os, le\u00eda cada libro que encontraba, algunos publicados 15 a\u00f1os atr\u00e1s. Era<br>evidente para m\u00ed que el arte hab\u00eda madurado un poco. Cuando un libro te recomendaba usar levadura<br>de reposter\u00eda y cubrir la cerveza fermentada con un lienzo, el siguiente insist\u00eda en levadura para<br>fabricaci\u00f3n de cerveza y tal vez el uso de un airlock. De manera que yo sent\u00eda que otro punto de vista,<br>exponiendo los c\u00f3mo y los por qu\u00e9 de los procesos de fabricaci\u00f3n, pod\u00eda ser m\u00e1s \u00fatil para ayudar a los<br>cerveceros a tener un mejor comienzo.<\/p>\n\n\n\n<p>He aqu\u00ed un resumen del proceso de fabricaci\u00f3n:<\/p>\n\n\n\n<ol class=\"wp-block-list\"><li>La cebada malteada se remoja en agua caliente para liberar los az\u00facares de la malta.<\/li><li>La soluci\u00f3n de az\u00facar de malta se hierve con l\u00fapulo para sazonarla.<\/li><li>Se entibia la soluci\u00f3n y se agrega la levadura para comenzar la fermentaci\u00f3n.<\/li><li>La levadura fermenta los az\u00facares, liberando CO2 y alcohol et\u00edlico.<\/li><li>Cuando se completa la fermentaci\u00f3n, se embotella la cerveza agregando un poco de az\u00facar<\/li><li>para provocar la carbonataci\u00f3n.<\/li><\/ol>\n\n\n\n<p>Suena bastante simple y lo es. Pero a medida que se lee el libro se comprende la incre\u00edble cantidad de<br>informaci\u00f3n que se ha resumido en 5 pasos. El primer paso solo puede llenar un libro entero, varios en<br>realidad. Fabricar cerveza es un arte y una ciencia. La ciencia es lo que permite convertirse en artista.<br>Aprender acerca de los procesos de fabricaci\u00f3n permite aplicarlos como lo har\u00eda un artista. Como dec\u00eda<br>mi profesora de historia \u201cEs aburrido solamente hasta que aprendes algo. El conocimiento hace las<br>cosas interesantes\u201d.<\/p>\n\n\n\n<p>Del libro:<br>Como hacer Cerveza<br>John J. Palmer<\/p>\n\n\n\n<p><code>\n<div class=\"juiz_sps_links  counters_both juiz_sps_displayed_bottom\" data-post-id=\"1404\">\n<p class=\"screen-reader-text juiz_sps_maybe_hidden_text\">Compartir la entrada \"\u00bfComo hacer Cerveza? Parte 1\"<\/p>\n\n\t<ul class=\"juiz_sps_links_list\" onclick=\"void(0);\"><li class=\"juiz_sps_item juiz_sps_link_twitter\"><a href=\"https:\/\/x.com\/intent\/tweet?source=webclient&#038;original_referer=https%3A%2F%2Funiversus.com.mx%2FNwp%2Fwp-json%2Fwp%2Fv2%2Fpages%2F1404&#038;text=%C2%BFComo%20hacer%20Cerveza%3F%20Parte%201&#038;url=https%3A%2F%2Funiversus.com.mx%2FNwp%2Fwp-json%2Fwp%2Fv2%2Fpages%2F1404&#038;related=slavalle&#038;via=slavalle\" rel=\"nofollow\"   title=\"Compartir este art\u00edculo en X\" class=\"juiz_sps_button\" data-nobs-key=\"twitter\"><span class=\"juiz_sps_icon jsps-twitter\"><\/span><span class=\"juiz_sps_network_name\">X<\/span><\/a><\/li><li class=\"juiz_sps_item juiz_sps_link_facebook\"><a href=\"https:\/\/www.facebook.com\/sharer.php?u=https%3A%2F%2Funiversus.com.mx%2FNwp%2Fwp-json%2Fwp%2Fv2%2Fpages%2F1404\" rel=\"nofollow\"   title=\"Compartir este art\u00edculo en Facebook\" class=\"juiz_sps_button\" data-nobs-key=\"facebook\"><span class=\"juiz_sps_icon jsps-facebook\"><\/span><span class=\"juiz_sps_network_name\">Facebook<\/span><\/a><\/li><li class=\"juiz_sps_item juiz_sps_link_linkedin\"><a href=\"https:\/\/www.linkedin.com\/sharing\/share-offsite\/?url=https%3A%2F%2Funiversus.com.mx%2FNwp%2Fwp-json%2Fwp%2Fv2%2Fpages%2F1404\" rel=\"nofollow\"   title=\"Compartir este art\u00edculo en LinkedIn\" class=\"juiz_sps_button\" data-nobs-key=\"linkedin\"><span class=\"juiz_sps_icon jsps-linkedin\"><\/span><span class=\"juiz_sps_network_name\">LinkedIn<\/span><\/a><\/li><li class=\"juiz_sps_item juiz_sps_link_mail\"><a href=\"mailto:?subject=Visit%20this%20link%20find%20on%20https:\/\/universus.com.mx\/Nwp&#038;body=Hi,%20I%20found%20this%20information%20for%20you%20:%20\u00bfComo%20hacer%20Cerveza?%20Parte%201!%20This%20is%20the%20direct%20link:%20https:\/\/universus.com.mx\/Nwp\/como-hacer-cerveza-parte-1\/%20Have%20a%20nice%20day%20:)\" rel=\"nofollow\"   title=\"Compartir esto con un amigo (correo electr\u00f3nico)\" class=\"juiz_sps_button\" data-nobs-key=\"mail\"><span class=\"juiz_sps_icon jsps-mail\"><\/span><span class=\"juiz_sps_network_name\">Correo electr\u00f3nico<\/span><\/a><\/li><\/ul>\n\t<\/div>\n\n<\/code><\/p>\n\n\n","protected":false},"excerpt":{"rendered":"<p>Introducci\u00f3n Hay muy buenos libros acerca de c\u00f3mo hacer cerveza artesanal disponible en este momento, as\u00ed que\u00bfPor qu\u00e9 escribir otro? La respuesta es: una cuesti\u00f3n de perspectiva. Cuando comenc\u00e9 a fabricar mipropia cerveza, hace varios a\u00f1os, le\u00eda cada libro que encontraba, algunos publicados 15 a\u00f1os atr\u00e1s. Eraevidente para m\u00ed que el arte hab\u00eda madurado un [&hellip;]<\/p>\n","protected":false},"author":2,"featured_media":0,"parent":0,"menu_order":0,"comment_status":"closed","ping_status":"closed","template":"","meta":{"footnotes":""},"class_list":["post-1404","page","type-page","status-publish","czr-hentry"],"_links":{"self":[{"href":"https:\/\/universus.com.mx\/Nwp\/wp-json\/wp\/v2\/pages\/1404","targetHints":{"allow":["GET"]}}],"collection":[{"href":"https:\/\/universus.com.mx\/Nwp\/wp-json\/wp\/v2\/pages"}],"about":[{"href":"https:\/\/universus.com.mx\/Nwp\/wp-json\/wp\/v2\/types\/page"}],"author":[{"embeddable":true,"href":"https:\/\/universus.com.mx\/Nwp\/wp-json\/wp\/v2\/users\/2"}],"replies":[{"embeddable":true,"href":"https:\/\/universus.com.mx\/Nwp\/wp-json\/wp\/v2\/comments?post=1404"}],"version-history":[{"count":3,"href":"https:\/\/universus.com.mx\/Nwp\/wp-json\/wp\/v2\/pages\/1404\/revisions"}],"predecessor-version":[{"id":1407,"href":"https:\/\/universus.com.mx\/Nwp\/wp-json\/wp\/v2\/pages\/1404\/revisions\/1407"}],"wp:attachment":[{"href":"https:\/\/universus.com.mx\/Nwp\/wp-json\/wp\/v2\/media?parent=1404"}],"curies":[{"name":"wp","href":"https:\/\/api.w.org\/{rel}","templated":true}]}}