{"id":1391,"date":"2020-11-26T11:38:23","date_gmt":"2020-11-26T17:38:23","guid":{"rendered":"https:\/\/universus.mx\/Nwp\/?page_id=1391"},"modified":"2026-04-20T13:15:35","modified_gmt":"2026-04-20T19:15:35","slug":"cerveza-artesanal","status":"publish","type":"page","link":"https:\/\/universus.com.mx\/Nwp\/cerveza-artesanal\/","title":{"rendered":"Cerveza artesanal"},"content":{"rendered":"\n<p><span style=\"font-family: Kinnari;\"><span style=\"font-size: medium;\">Lo invitamos a probar las cervezas artesanales de la casa.<\/span><\/span><\/p>\n<div style=\"width: 848px;\" class=\"wp-video\"><video class=\"wp-video-shortcode\" id=\"video-1391-1\" width=\"848\" height=\"480\" preload=\"metadata\" controls=\"controls\"><source type=\"video\/mp4\" src=\"https:\/\/universus.mx\/Nwp\/wp-content\/uploads\/2020\/11\/VID-20201010-WA0004.mp4?_=1\" \/><a href=\"https:\/\/universus.mx\/Nwp\/wp-content\/uploads\/2020\/11\/VID-20201010-WA0004.mp4\">https:\/\/universus.mx\/Nwp\/wp-content\/uploads\/2020\/11\/VID-20201010-WA0004.mp4<\/a><\/video><\/div>\n<p><span style=\"font-family: Kinnari;\"><span style=\"font-size: medium;\"><br \/>Tenemos 3 Estilos <\/span><\/span><\/p>\n<p><span style=\"font-family: Kinnari;\"><span style=\"font-size: medium;\"><u><b>Stout<\/b><\/u>.- Aroma: Moderado a fuerte aroma de maltas tostadas, a menudo tienen una cualidad a caf\u00e9 tostado o chocolate oscuro. Los aromas a quemado o a carb\u00f3n son de bajo a ninguno. El aroma del l\u00fapulo es de medio a muy bajo, a menudo con car\u00e1cter c\u00edtrico o resinoso propio del car\u00e1cter de las variedades de l\u00fapulos americanos.<\/span><\/span><\/p>\n<p><span style=\"font-family: Kinnari;\"><span style=\"font-size: medium;\">Sabor: Rico, profundo, complejo y frecuentemente muy intenso, con variables cantidades de granos tostados, malta tostada, maltosidad, \u00e9steres frutados, l\u00fapulos de amargor y de sabor y alcohol. Amargor medio a agresivamente alto. <\/span><\/span><\/p>\n<p><span style=\"font-family: Kinnari;\"><span style=\"font-size: medium;\">Aspecto: Con un color negro, muy oscuro!!!<\/span><\/span><\/p>\n<p><span style=\"font-family: Kinnari;\"><span style=\"font-size: medium;\">IBU (Unidad Internacional de amargor) 35<\/span><\/span><\/p>\n<p><span style=\"font-family: Kinnari;\"><span style=\"font-size: medium;\">SRM (M\u00e9todo estandar de referencia para establecer el color de la cerveza) 60<\/span><\/span><\/p>\n<p><span style=\"font-family: Kinnari;\"><span style=\"font-size: medium;\">6.2% Alc Vol<\/span><\/span><\/p>\n<p><span style=\"font-family: Kinnari;\"><span style=\"font-size: medium;\"><b>Amarican Pale Ale<\/b>.- Aroma a l\u00fapulo moderado de las \u00faltimas adiciones de l\u00fapulo de variedades americanas en la olla de cocci\u00f3n. En car\u00e1cter dulce, pero no es requerido. Maltosidad moderada que mantiene la presentaci\u00f3n del l\u00fapulo y muestra un peque\u00f1o car\u00e1cter a malta caramelo.<\/span><\/span><\/p>\n<p><span style=\"font-family: Kinnari;\"><span style=\"font-size: medium;\">Sabor: A l\u00fapulo moderado, mostrando un car\u00e1cter dulce. El balance es hacia los \u00faltimos l\u00fapulos adicionados y hacia el amargor . El gusto final es totalmente suave. <\/span><\/span><\/p>\n<p><span style=\"font-family: Kinnari;\"><span style=\"font-size: medium;\">Aspecto: Es una cerveza turbia, de color anaranjado.<\/span><\/span><\/p>\n<p><span style=\"font-family: Kinnari;\"><span style=\"font-size: medium;\">IBU (Unidad Internacional de amargor) 40<\/span><\/span><\/p>\n<p><span style=\"font-family: Kinnari;\"><span style=\"font-size: medium;\">SRM (M\u00e9todo estandar de referencia para establecer el color de la cerveza) 35<\/span><\/span><\/p>\n<p><span style=\"font-family: Kinnari;\"><span style=\"font-size: medium;\">5.5% Alc Vol<\/span><\/span><\/p>\n<p><span style=\"font-family: Kinnari;\"><span style=\"font-size: medium;\"><b>Ameircan <\/b><b>IPA<\/b> (America Indian Pale Ale)<\/span><\/span><\/p>\n<p><span style=\"font-family: Kinnari;\"><span style=\"font-size: medium;\">Aroma: Un prominente aroma a l\u00fapulo con car\u00e1cter floral, c\u00edtrico. Algo de dulzor maltoso, a un nivel menor.<\/span><\/span><\/p>\n<p><span style=\"font-family: Kinnari;\"><span style=\"font-size: medium;\">Aspecto: Color cobre rojizo medio. Buena espuma, con sost\u00e9n, de color blancuzca. <\/span><\/span><\/p>\n<p><span style=\"font-family: Kinnari;\"><span style=\"font-size: medium;\">Sabor: A l\u00fapulo alto americano con aspectos c\u00edtricos, floral. <\/span><\/span><\/p>\n<p><span style=\"font-family: Kinnari;\"><span style=\"font-size: medium;\">El amargor de los l\u00fapulos es alto. <\/span><\/span><\/p>\n<p><span style=\"font-family: Kinnari;\"><span style=\"font-size: medium;\">El gusto final es medio seco. Puede percibirse alg\u00fan sabor a alcohol.<\/span><\/span><\/p>\n<p><span style=\"font-family: Kinnari;\"><span style=\"font-size: medium;\">Aspecto: Es una cerveza turbia, de color g\u00fcero a anaranjado.<\/span><\/span><\/p>\n<p><span style=\"font-family: Kinnari;\"><span style=\"font-size: medium;\">IBU (Unidad Internacional de amargor) 75<\/span><\/span><\/p>\n<p><span style=\"font-family: Kinnari;\"><span style=\"font-size: medium;\">SRM (M\u00e9todo estandar de referencia para establecer el color de la cerveza) 30<\/span><\/span><\/p>\n<p><span style=\"font-family: Kinnari;\"><span style=\"font-size: medium;\">6.8% Alc Vol<\/span><\/span><\/p>\n<p><span style=\"font-family: Kinnari;\"><span style=\"font-size: medium;\"><b>Precio vaso de 455 ml $90.00<\/b><\/span><\/span><\/p>\n<p><code>\n<div class=\"juiz_sps_links  counters_both juiz_sps_displayed_bottom\" data-post-id=\"1391\">\n<p class=\"screen-reader-text juiz_sps_maybe_hidden_text\">Compartir la entrada \"Cerveza artesanal\"<\/p>\n\n\t<ul class=\"juiz_sps_links_list\" onclick=\"void(0);\"><li class=\"juiz_sps_item juiz_sps_link_twitter\"><a href=\"https:\/\/x.com\/intent\/tweet?source=webclient&#038;original_referer=https%3A%2F%2Funiversus.com.mx%2FNwp%2Fwp-json%2Fwp%2Fv2%2Fpages%2F1391&#038;text=Cerveza%20artesanal&#038;url=https%3A%2F%2Funiversus.com.mx%2FNwp%2Fwp-json%2Fwp%2Fv2%2Fpages%2F1391&#038;related=slavalle&#038;via=slavalle\" rel=\"nofollow\"   title=\"Compartir este art\u00edculo en X\" class=\"juiz_sps_button\" data-nobs-key=\"twitter\"><span class=\"juiz_sps_icon jsps-twitter\"><\/span><span class=\"juiz_sps_network_name\">X<\/span><\/a><\/li><li class=\"juiz_sps_item juiz_sps_link_facebook\"><a href=\"https:\/\/www.facebook.com\/sharer.php?u=https%3A%2F%2Funiversus.com.mx%2FNwp%2Fwp-json%2Fwp%2Fv2%2Fpages%2F1391\" rel=\"nofollow\"   title=\"Compartir este art\u00edculo en Facebook\" class=\"juiz_sps_button\" data-nobs-key=\"facebook\"><span class=\"juiz_sps_icon jsps-facebook\"><\/span><span class=\"juiz_sps_network_name\">Facebook<\/span><\/a><\/li><li class=\"juiz_sps_item juiz_sps_link_linkedin\"><a href=\"https:\/\/www.linkedin.com\/sharing\/share-offsite\/?url=https%3A%2F%2Funiversus.com.mx%2FNwp%2Fwp-json%2Fwp%2Fv2%2Fpages%2F1391\" rel=\"nofollow\"   title=\"Compartir este art\u00edculo en LinkedIn\" class=\"juiz_sps_button\" data-nobs-key=\"linkedin\"><span class=\"juiz_sps_icon jsps-linkedin\"><\/span><span class=\"juiz_sps_network_name\">LinkedIn<\/span><\/a><\/li><li class=\"juiz_sps_item juiz_sps_link_mail\"><a href=\"mailto:?subject=Visit%20this%20link%20find%20on%20https:\/\/universus.com.mx\/Nwp&#038;body=Hi,%20I%20found%20this%20information%20for%20you%20:%20Cerveza%20artesanal!%20This%20is%20the%20direct%20link:%20https:\/\/universus.com.mx\/Nwp\/cerveza-artesanal\/%20Have%20a%20nice%20day%20:)\" rel=\"nofollow\"   title=\"Compartir esto con un amigo (correo electr\u00f3nico)\" class=\"juiz_sps_button\" data-nobs-key=\"mail\"><span class=\"juiz_sps_icon jsps-mail\"><\/span><span class=\"juiz_sps_network_name\">Correo electr\u00f3nico<\/span><\/a><\/li><\/ul>\n\t<\/div>\n\n<\/code><\/p>\n","protected":false},"excerpt":{"rendered":"<p>Lo invitamos a probar las cervezas artesanales de la casa. Tenemos 3 Estilos Stout.- Aroma: Moderado a fuerte aroma de maltas tostadas, a menudo tienen una cualidad a caf\u00e9 tostado o chocolate oscuro. Los aromas a quemado o a carb\u00f3n son de bajo a ninguno. El aroma del l\u00fapulo es de medio a muy bajo, [&hellip;]<\/p>\n","protected":false},"author":2,"featured_media":0,"parent":0,"menu_order":0,"comment_status":"closed","ping_status":"closed","template":"","meta":{"footnotes":""},"class_list":["post-1391","page","type-page","status-publish","czr-hentry"],"_links":{"self":[{"href":"https:\/\/universus.com.mx\/Nwp\/wp-json\/wp\/v2\/pages\/1391","targetHints":{"allow":["GET"]}}],"collection":[{"href":"https:\/\/universus.com.mx\/Nwp\/wp-json\/wp\/v2\/pages"}],"about":[{"href":"https:\/\/universus.com.mx\/Nwp\/wp-json\/wp\/v2\/types\/page"}],"author":[{"embeddable":true,"href":"https:\/\/universus.com.mx\/Nwp\/wp-json\/wp\/v2\/users\/2"}],"replies":[{"embeddable":true,"href":"https:\/\/universus.com.mx\/Nwp\/wp-json\/wp\/v2\/comments?post=1391"}],"version-history":[{"count":6,"href":"https:\/\/universus.com.mx\/Nwp\/wp-json\/wp\/v2\/pages\/1391\/revisions"}],"predecessor-version":[{"id":2294,"href":"https:\/\/universus.com.mx\/Nwp\/wp-json\/wp\/v2\/pages\/1391\/revisions\/2294"}],"wp:attachment":[{"href":"https:\/\/universus.com.mx\/Nwp\/wp-json\/wp\/v2\/media?parent=1391"}],"curies":[{"name":"wp","href":"https:\/\/api.w.org\/{rel}","templated":true}]}}