{"id":1013,"date":"2015-08-17T11:40:59","date_gmt":"2015-08-17T16:40:59","guid":{"rendered":"https:\/\/universus.mx\/Nwp\/?page_id=1013"},"modified":"2015-08-17T11:40:59","modified_gmt":"2015-08-17T16:40:59","slug":"bicarbonatodesodio","status":"publish","type":"page","link":"https:\/\/universus.com.mx\/Nwp\/bicarbonatodesodio\/","title":{"rendered":"Bicarbonato de sodio en nuestra dieta diaria."},"content":{"rendered":"<p><a href=\"https:\/\/universus.mx\/Nwp\/wp-content\/uploads\/2015\/08\/11728970_1633315303574791_3988159482637267111_o.jpg\"><img loading=\"lazy\" decoding=\"async\" class=\"alignleft size-thumbnail wp-image-1015\" src=\"https:\/\/universus.mx\/Nwp\/wp-content\/uploads\/2015\/08\/11728970_1633315303574791_3988159482637267111_o-150x150.jpg\" alt=\"11728970_1633315303574791_3988159482637267111_o\" width=\"150\" height=\"150\" \/><\/a>\u00abBICARBONATO DE SODIO\u00bb<br \/>\nSe ha demostrado que este elemento que usas en casa, para cocinar, limpiar, sanar picaduras de abeja, tambi\u00e9n sirve para prever y curar enfermedades m\u00e1s severas como el c\u00e1ncer, insuficiencia renal, etc.<\/p>\n<p>Algunos beneficios del uso de bicarbonato de sodio por ejemplo son:<\/p>\n<div class=\"text_exposed_show\">\n<p>\u2022 Ayuda a aumentar los l\u00edquidos a trav\u00e9s del cuerpo y por lo tanto ayuda a los ri\u00f1ones a procesar y eliminar el \u00e1cido \u00farico en exceso de tu sistema de forma m\u00e1s eficaz. Mejora la solubilidad de \u00e1cido \u00farico y por lo tanto acelera su recuperaci\u00f3n.<br \/>\n\u2022 Eleva el pH de la sangre que sabemos ayuda a disminuir el riesgo de desarrollar c\u00e1lculos renales. Cuando se utiliza el bicarbonato, act\u00faa como un tratamiento de quimioterapia natural en los pacientes, desplazando el pH de la sangre levemente hacia alcalina cuando se toma por v\u00eda oral, y tambi\u00e9n se ha usado para tratar varios tipos diferentes de c\u00e1ncer, tales como de la boca, el est\u00f3mago, intestino, pr\u00f3stata, colon, etc.<\/p>\n<p>Tomar diariamente media cucharada cafetera antes de ir a dormir.<\/p>\n<p>\u00a1Te invitamos a conocer m\u00e1s!<\/p>\n<p>Taller Nutrici\u00f3n, Salud y Bienestar del Dr. David Duarte<br \/>\nInformes Interior Rep\u00fablica<br \/>\ngenerando@saludentusmanos.org \u00f3 Whatsapp 442 1871255<\/p>\n<\/div>\n","protected":false},"excerpt":{"rendered":"<p>\u00abBICARBONATO DE SODIO\u00bb Se ha demostrado que este elemento que usas en casa, para cocinar, limpiar, sanar picaduras de abeja, tambi\u00e9n sirve para prever y curar enfermedades m\u00e1s severas como el c\u00e1ncer, insuficiencia renal, etc. Algunos beneficios del uso de bicarbonato de sodio por ejemplo son: \u2022 Ayuda a aumentar los l\u00edquidos a trav\u00e9s del [&hellip;]<\/p>\n","protected":false},"author":1,"featured_media":0,"parent":0,"menu_order":0,"comment_status":"closed","ping_status":"closed","template":"","meta":{"footnotes":""},"class_list":["post-1013","page","type-page","status-publish","czr-hentry"],"_links":{"self":[{"href":"https:\/\/universus.com.mx\/Nwp\/wp-json\/wp\/v2\/pages\/1013","targetHints":{"allow":["GET"]}}],"collection":[{"href":"https:\/\/universus.com.mx\/Nwp\/wp-json\/wp\/v2\/pages"}],"about":[{"href":"https:\/\/universus.com.mx\/Nwp\/wp-json\/wp\/v2\/types\/page"}],"author":[{"embeddable":true,"href":"https:\/\/universus.com.mx\/Nwp\/wp-json\/wp\/v2\/users\/1"}],"replies":[{"embeddable":true,"href":"https:\/\/universus.com.mx\/Nwp\/wp-json\/wp\/v2\/comments?post=1013"}],"version-history":[{"count":2,"href":"https:\/\/universus.com.mx\/Nwp\/wp-json\/wp\/v2\/pages\/1013\/revisions"}],"predecessor-version":[{"id":1017,"href":"https:\/\/universus.com.mx\/Nwp\/wp-json\/wp\/v2\/pages\/1013\/revisions\/1017"}],"wp:attachment":[{"href":"https:\/\/universus.com.mx\/Nwp\/wp-json\/wp\/v2\/media?parent=1013"}],"curies":[{"name":"wp","href":"https:\/\/api.w.org\/{rel}","templated":true}]}}